{"id":918,"date":"2021-07-05T19:26:04","date_gmt":"2021-07-05T17:26:04","guid":{"rendered":"https:\/\/sklep.axedserwis.com.pl\/?post_type=product&#038;p=918"},"modified":"2025-01-08T19:33:24","modified_gmt":"2025-01-08T18:33:24","slug":"psion-workabout-pro3","status":"publish","type":"product","link":"https:\/\/sklep.axedserwis.com.pl\/index.php\/produkt\/psion-workabout-pro3\/","title":{"rendered":"Psion Workabout Pro3"},"content":{"rendered":"<p>Psion Teklogix | Motorola | Zebra Workabout Pro3 WAPRO3 \u2014 Mobilny komputer r\u0119czny &#8211; Kolektor danych<br \/>\nWorkabout w tej formie to gotowe rozwi\u0105zanie do \u0142atwego i szbykiego wykonywania inwentaryzacji. Dzi\u0119ki zamontowanemu skanerowi mo\u017cna odczytywa\u0107 r\u00f3\u017cnego typu kody kreskowe 1D. Komputer jest te\u017c wyposa\u017cony w ergonomiczny uchwyt pistoletowy ze spustem skanera, co znacznie u\u0142atwia korzystanie z urz\u0105dzenia i pozwala na wygodny odczyt kod\u00f3w kreskowych w trudnych warunkach pracy.<\/p>\n<p>To rozwi\u0105zanie jest oferowane w r\u00f3\u017cnych konfiguracjach sprz\u0119towych i programowych, dlatego te\u017c prosimy o bezpo\u015bredni kontakt z naszym Dzia\u0142em Sprzeda\u017cy pod adresem <a href=\"mailto:biuro@axedserwis.com.pl\">biuro@axedserwis.com.pl<\/a> lub telefonicznie 600 373 202, gdzie mog\u0105 Pa\u0144stwo uzyska\u0107 szczeg\u00f3\u0142owe informacje na temat dost\u0119pnych wariant\u00f3w, kt\u00f3re b\u0119d\u0105 najlepiej pasowa\u0107 do Pa\u0144stwa potrzeb.<\/p>\n<p>Zebra, Motorola, Psion Workabout Pro 3<\/p>\n<hr \/>\n<p><strong>UWAGA:<\/strong><br \/>\nSprz\u0119t jest u\u017cywany, sprawny i obj\u0119ty 30-dniow\u0105 gwarancj\u0105 sprzedawcy. Sprz\u0119t mo\u017ce nosi\u0107 normalne \u015blady u\u017cytkowania.<\/p>\n<p>W celu uzyskania szczeg\u00f3\u0142owych informacji na temat oferowanego produktu prosimy o bezpo\u015bredni kontakt z naszym Dzia\u0142em Sprzeda\u017cy pod adresem <a href=\"mailto:biuro@axedserwis.com.pl\">biuro@axedserwis.com.pl<\/a> lub telefonicznie 600 373 202.<\/p>\n<hr \/>\n<p>\u00a9AXED Serwis | Wszelkie prawa zastrze\u017cone | Fotografie produktu zamieszczone na tej stronie s\u0105 w\u0142asno\u015bci\u0105 firmy AXED Serwis i s\u0105 chronione prawami autorskimi. Zabrania si\u0119 kopiowania tych fotografii w ca\u0142o\u015bci lub ich cz\u0119\u015bci bez pisemnej zgody firmy AXED Serwis.<\/p>\n<hr \/>\n<div style=\"width: 980px;\" class=\"wp-video\"><!--[if lt IE 9]><script>document.createElement('video');<\/script><![endif]-->\n<video class=\"wp-video-shortcode\" id=\"video-918-1\" width=\"980\" height=\"551\" preload=\"metadata\" controls=\"controls\"><source type=\"video\/mp4\" src=\"https:\/\/sklep.axedserwis.com.pl\/wp-content\/uploads\/2021\/07\/Psion_Workabout_Pro3_1.mp4?_=1\" \/><a href=\"https:\/\/sklep.axedserwis.com.pl\/wp-content\/uploads\/2021\/07\/Psion_Workabout_Pro3_1.mp4\">https:\/\/sklep.axedserwis.com.pl\/wp-content\/uploads\/2021\/07\/Psion_Workabout_Pro3_1.mp4<\/a><\/video><\/div>\n","protected":false},"excerpt":{"rendered":"<p>Psion Workabout Pro3 WAPRO3 \u2014 Mobilny komputer r\u0119czny &#8211; Kolektor danych &#8211; Gotowe rozwi\u0105zanie do inwentaryzacji.<\/p>\n","protected":false},"featured_media":908,"template":"","meta":[],"_links":{"self":[{"href":"https:\/\/sklep.axedserwis.com.pl\/index.php\/wp-json\/wp\/v2\/product\/918"}],"collection":[{"href":"https:\/\/sklep.axedserwis.com.pl\/index.php\/wp-json\/wp\/v2\/product"}],"about":[{"href":"https:\/\/sklep.axedserwis.com.pl\/index.php\/wp-json\/wp\/v2\/types\/product"}],"wp:featuredmedia":[{"embeddable":true,"href":"https:\/\/sklep.axedserwis.com.pl\/index.php\/wp-json\/wp\/v2\/media\/908"}],"wp:attachment":[{"href":"https:\/\/sklep.axedserwis.com.pl\/index.php\/wp-json\/wp\/v2\/media?parent=918"}],"curies":[{"name":"wp","href":"https:\/\/api.w.org\/{rel}","templated":true}]}}