{"id":791,"date":"2020-11-11T02:25:05","date_gmt":"2020-11-11T01:25:05","guid":{"rendered":"https:\/\/sklep.axedserwis.com.pl\/?post_type=product&#038;p=791"},"modified":"2025-01-08T19:32:32","modified_gmt":"2025-01-08T18:32:32","slug":"symbol-workabout-pro4","status":"publish","type":"product","link":"https:\/\/sklep.axedserwis.com.pl\/index.php\/produkt\/symbol-workabout-pro4\/","title":{"rendered":"Symbol Workabout Pro4"},"content":{"rendered":"<p>Symbol Workabout Pro4 WAPRO4 \u2014 Mobilny komputer r\u0119czny &#8211; Kolektor danych<br \/>\nZebra, Motorola, Psion Workabout Pro 4<\/p>\n<hr \/>\n<p><strong>UWAGA:<\/strong><br \/>\nSprz\u0119t jest u\u017cywany, sprawny i obj\u0119ty 30-dniow\u0105 gwarancj\u0105 sprzedawcy. Sprz\u0119t mo\u017ce nosi\u0107 normalne \u015blady u\u017cytkowania.<\/p>\n<p>W celu uzyskania szczeg\u00f3\u0142owych informacji na temat oferowanego produktu prosimy o bezpo\u015bredni kontakt z naszym Dzia\u0142em Sprzeda\u017cy pod adresem <a href=\"mailto:biuro@axedserwis.com.pl\">biuro@axedserwis.com.pl<\/a> lub telefonicznie 600 373 202.<\/p>\n<hr \/>\n<p>\u00a9AXED Serwis | Wszelkie prawa zastrze\u017cone | Fotografie produktu zamieszczone na tej stronie s\u0105 w\u0142asno\u015bci\u0105 firmy AXED Serwis i s\u0105 chronione prawami autorskimi. Zabrania si\u0119 kopiowania tych fotografii w ca\u0142o\u015bci lub ich cz\u0119\u015bci bez pisemnej zgody firmy AXED Serwis.<\/p>\n<hr \/>\n<p>&nbsp;<\/p>\n","protected":false},"excerpt":{"rendered":"<p>Symbol Workabout Pro4 WAPRO4 \u2014 Mobilny komputer r\u0119czny &#8211; Kolektor danych<\/p>\n","protected":false},"featured_media":792,"template":"","meta":[],"_links":{"self":[{"href":"https:\/\/sklep.axedserwis.com.pl\/index.php\/wp-json\/wp\/v2\/product\/791"}],"collection":[{"href":"https:\/\/sklep.axedserwis.com.pl\/index.php\/wp-json\/wp\/v2\/product"}],"about":[{"href":"https:\/\/sklep.axedserwis.com.pl\/index.php\/wp-json\/wp\/v2\/types\/product"}],"wp:featuredmedia":[{"embeddable":true,"href":"https:\/\/sklep.axedserwis.com.pl\/index.php\/wp-json\/wp\/v2\/media\/792"}],"wp:attachment":[{"href":"https:\/\/sklep.axedserwis.com.pl\/index.php\/wp-json\/wp\/v2\/media?parent=791"}],"curies":[{"name":"wp","href":"https:\/\/api.w.org\/{rel}","templated":true}]}}