{"id":720,"date":"2020-10-06T03:39:15","date_gmt":"2020-10-06T01:39:15","guid":{"rendered":"https:\/\/sklep.axedserwis.com.pl\/?post_type=product&#038;p=720"},"modified":"2020-11-16T14:44:00","modified_gmt":"2020-11-16T13:44:00","slug":"maskownica-wyswietlacza-lcd-dla-workabout-pro-g3","status":"publish","type":"product","link":"https:\/\/sklep.axedserwis.com.pl\/index.php\/produkt\/maskownica-wyswietlacza-lcd-dla-workabout-pro-g3\/","title":{"rendered":"Maskownica wy\u015bwietlacza LCD dla Workabout Pro G3 i Pro G4"},"content":{"rendered":"<p>Maskownica wy\u015bwietlacza LCD dla Workabout Pro G3 i Pro G4<\/p>\n<hr \/>\n<p><strong>UWAGA:<\/strong><br \/>\nSprz\u0119t pochodzi z zapas\u00f3w magazynowych i jest w pe\u0142ni warto\u015bciowy.<br \/>\nFotografie przedstawiaj\u0105 rzeczywisty wygl\u0105d sprzedawanego produktu.<\/p>\n<p>W celu uzyskania szczeg\u00f3\u0142owych informacji na temat oferowanego produktu prosimy o bezpo\u015bredni kontakt z naszym Dzia\u0142em Sprzeda\u017cy pod adresem <a href=\"mailto:biuro@axedserwis.com.pl\">biuro@axedserwis.com.pl<\/a> lub telefonicznie 600 373 202.<\/p>\n<hr \/>\n<p>\u00a9AXED Serwis | Wszelkie prawa zastrze\u017cone | Fotografie produktu zamieszczone na tej stronie s\u0105 w\u0142asno\u015bci\u0105 firmy AXED Serwis i s\u0105 chronione prawami autorskimi. Zabrania si\u0119 kopiowania tych fotografii w ca\u0142o\u015bci lub ich cz\u0119\u015bci bez pisemnej zgody firmy AXED Serwis.<\/p>\n<hr \/>\n<p>Psion Workabout Pro 3 7527 display cover<\/p>\n","protected":false},"excerpt":{"rendered":"<p>Maskownica wy\u015bwietlacza LCD dla Workabout Pro G3 i Pro G4<\/p>\n<p>Przy wymianie LCD pe\u0142ni rol\u0119 uszczelki pomi\u0119dzy obudow\u0105 a wy\u015bwietlaczem<\/p>\n","protected":false},"featured_media":674,"template":"","meta":[],"_links":{"self":[{"href":"https:\/\/sklep.axedserwis.com.pl\/index.php\/wp-json\/wp\/v2\/product\/720"}],"collection":[{"href":"https:\/\/sklep.axedserwis.com.pl\/index.php\/wp-json\/wp\/v2\/product"}],"about":[{"href":"https:\/\/sklep.axedserwis.com.pl\/index.php\/wp-json\/wp\/v2\/types\/product"}],"wp:featuredmedia":[{"embeddable":true,"href":"https:\/\/sklep.axedserwis.com.pl\/index.php\/wp-json\/wp\/v2\/media\/674"}],"wp:attachment":[{"href":"https:\/\/sklep.axedserwis.com.pl\/index.php\/wp-json\/wp\/v2\/media?parent=720"}],"curies":[{"name":"wp","href":"https:\/\/api.w.org\/{rel}","templated":true}]}}