{"id":719,"date":"2020-10-06T03:32:30","date_gmt":"2020-10-06T01:32:30","guid":{"rendered":"https:\/\/sklep.axedserwis.com.pl\/?post_type=product&#038;p=719"},"modified":"2025-01-27T13:49:59","modified_gmt":"2025-01-27T12:49:59","slug":"wyswietlacz-lcd-dla-workabout-pro-g4","status":"publish","type":"product","link":"https:\/\/sklep.axedserwis.com.pl\/index.php\/produkt\/wyswietlacz-lcd-dla-workabout-pro-g4\/","title":{"rendered":"Wy\u015bwietlacz LCD dla Workabout Pro G4"},"content":{"rendered":"<p>Kolorowy wy\u015bwietlacz dotykowy LCD TFG Sharp LS037V7DW05 3,7&#8243; VGA 480 \u00d7 640 pikseli dla Workabout Pro G4 7528X.<br \/>\nNr katalogowy: Sharp LS037V7DW01<br \/>\nJasno\u015b\u0107 240 nit\u00f3w<br \/>\nDobra czytelno\u015b\u0107 w \u015bwietle s\u0142onecznym.<\/p>\n<hr \/>\n<p><strong>UWAGA:<\/strong><br \/>\nSprz\u0119t pochodzi z zapas\u00f3w magazynowych i jest w pe\u0142ni warto\u015bciowy.<br \/>\nSprz\u0119t mo\u017ce nosi\u0107 niewielkie \u015blady u\u017cytkownia (by\u0142 u\u017cywany w celach testowych).<br \/>\nFotografie przedstawiaj\u0105 rzeczywisty wygl\u0105d sprzedawanego produktu.<\/p>\n<p>W celu uzyskania szczeg\u00f3\u0142owych informacji na temat oferowanego produktu prosimy o bezpo\u015bredni kontakt z naszym Dzia\u0142em Sprzeda\u017cy pod adresem <a href=\"mailto:biuro@axedserwis.com.pl\">biuro@axedserwis.com.pl<\/a> lub telefonicznie 600 373 202.<\/p>\n<hr \/>\n<p>\u00a9AXED Serwis | Wszelkie prawa zastrze\u017cone | Fotografie produktu zamieszczone na tej stronie s\u0105 w\u0142asno\u015bci\u0105 firmy AXED Serwis i s\u0105 chronione prawami autorskimi. Zabrania si\u0119 kopiowania tych fotografii w ca\u0142o\u015bci lub ich cz\u0119\u015bci bez pisemnej zgody firmy AXED Serwis.<\/p>\n<hr \/>\n<p>Psion Workabout Pro 4 WAP G4 7528X Digitizer Touch<br \/>\nSharp P\/N: LS037V7DW05<br \/>\n3.7&#8243; VGA (480&#215;640) 240 nits 18, RGB Digital Portrait RGB24 Resistive Touch LCD<\/p>\n","protected":false},"excerpt":{"rendered":"<p>Kolorowy wy\u015bwietlacz dotykowy LCD TFG Sharp LS037V7DW05 3,7&#8243; VGA 480 \u00d7 640 pikseli dla Workabout Pro G4 7528X.<\/p>\n","protected":false},"featured_media":663,"template":"","meta":[],"_links":{"self":[{"href":"https:\/\/sklep.axedserwis.com.pl\/index.php\/wp-json\/wp\/v2\/product\/719"}],"collection":[{"href":"https:\/\/sklep.axedserwis.com.pl\/index.php\/wp-json\/wp\/v2\/product"}],"about":[{"href":"https:\/\/sklep.axedserwis.com.pl\/index.php\/wp-json\/wp\/v2\/types\/product"}],"wp:featuredmedia":[{"embeddable":true,"href":"https:\/\/sklep.axedserwis.com.pl\/index.php\/wp-json\/wp\/v2\/media\/663"}],"wp:attachment":[{"href":"https:\/\/sklep.axedserwis.com.pl\/index.php\/wp-json\/wp\/v2\/media?parent=719"}],"curies":[{"name":"wp","href":"https:\/\/api.w.org\/{rel}","templated":true}]}}