{"id":717,"date":"2020-10-06T03:08:22","date_gmt":"2020-10-06T01:08:22","guid":{"rendered":"https:\/\/sklep.axedserwis.com.pl\/?post_type=product&#038;p=717"},"modified":"2020-11-16T14:48:05","modified_gmt":"2020-11-16T13:48:05","slug":"przyciski-funkcji-skanowania-ze-stykami-workabout-pro","status":"publish","type":"product","link":"https:\/\/sklep.axedserwis.com.pl\/index.php\/produkt\/przyciski-funkcji-skanowania-ze-stykami-workabout-pro\/","title":{"rendered":"Przyciski boczne ze stykami dla Workabout Pro 1050948-100"},"content":{"rendered":"<p>Przyciski funkcji skanowania dla Psion Workabout Pro\u00a0 G2, G3, G4 z p\u0142ytkami prze\u0142\u0105cznik\u00f3w oraz przewodami po\u0142\u0105czeniowymi z p\u0142yt\u0105 g\u0142\u00f3wn\u0105.<br \/>\nNumer katalogowy: 1050948-100<br \/>\nZestaw sk\u0142ada si\u0119 z dw\u00f3ch szarych przycisk\u00f3w skanera, dw\u00f3ch p\u0142ytek z prze\u0142\u0105cznikami i przewodami po\u0142\u0105czeniowymi z p\u0142yt\u0105 g\u0142\u00f3wn\u0105 oraz dedykowanych element\u00f3w samoprzyplepnych.<\/p>\n<hr \/>\n<p><strong>UWAGA:<\/strong><br \/>\nProdukt nowy.<br \/>\nFotografie przedstawiaj\u0105 rzeczywisty wygl\u0105d sprzedawanego produktu.<\/p>\n<p>W celu uzyskania szczeg\u00f3\u0142owych informacji na temat oferowanego produktu prosimy o bezpo\u015bredni kontakt z naszym Dzia\u0142em Sprzeda\u017cy pod adresem <a href=\"mailto:biuro@axedserwis.com.pl\">biuro@axedserwis.com.pl<\/a> lub telefonicznie 600 373 202.<\/p>\n<hr \/>\n<p>\u00a9AXED Serwis | Wszelkie prawa zastrze\u017cone | Fotografie produktu zamieszczone na tej stronie s\u0105 w\u0142asno\u015bci\u0105 firmy AXED Serwis i s\u0105 chronione prawami autorskimi. Zabrania si\u0119 kopiowania tych fotografii w ca\u0142o\u015bci lub ich cz\u0119\u015bci bez pisemnej zgody firmy AXED Serwis.<\/p>\n<hr \/>\n<p>&nbsp;<\/p>\n","protected":false},"excerpt":{"rendered":"<p>Przyciski funkcji skanowania dla Psion Workabout Pro\u00a0 G2, G3, G4 z p\u0142ytkami prze\u0142\u0105cznik\u00f3w oraz przewodami po\u0142\u0105czeniowymi z p\u0142yt\u0105 g\u0142\u00f3wn\u0105.<\/p>\n","protected":false},"featured_media":680,"template":"","meta":[],"_links":{"self":[{"href":"https:\/\/sklep.axedserwis.com.pl\/index.php\/wp-json\/wp\/v2\/product\/717"}],"collection":[{"href":"https:\/\/sklep.axedserwis.com.pl\/index.php\/wp-json\/wp\/v2\/product"}],"about":[{"href":"https:\/\/sklep.axedserwis.com.pl\/index.php\/wp-json\/wp\/v2\/types\/product"}],"wp:featuredmedia":[{"embeddable":true,"href":"https:\/\/sklep.axedserwis.com.pl\/index.php\/wp-json\/wp\/v2\/media\/680"}],"wp:attachment":[{"href":"https:\/\/sklep.axedserwis.com.pl\/index.php\/wp-json\/wp\/v2\/media?parent=717"}],"curies":[{"name":"wp","href":"https:\/\/api.w.org\/{rel}","templated":true}]}}