{"id":37,"date":"2019-10-07T16:50:26","date_gmt":"2019-10-07T14:50:26","guid":{"rendered":"http:\/\/sklep.axedserwis.com.pl\/?p=37"},"modified":"2023-02-28T12:40:31","modified_gmt":"2023-02-28T11:40:31","slug":"psion-st3004-akumulator-li-ion-5200-mah","status":"publish","type":"product","link":"https:\/\/sklep.axedserwis.com.pl\/index.php\/produkt\/psion-st3004-akumulator-li-ion-5200-mah\/","title":{"rendered":"Psion ST3004 &#8211; Akumulator Li-Ion 5200 mAh"},"content":{"rendered":"<p>Psion ST3004 &#8211; Akumulator litowo-jonowy (Li-Ion) 5200mAh 3,7V 18 Wh<br \/>\nNumer katalogowy: 1110108-004<\/p>\n<p>Przeznaczony dla urz\u0105dze\u0144 z serii 7545<br \/>\nPojemno\u015b\u0107 nominalna: 5200 mAh<br \/>\nPojemno\u015b\u0107 mininalna: 4900 mAh<br \/>\nNapi\u0119cie nominalne: 3,7 V<br \/>\nMaksymalne napi\u0119cie: 4,2 V<\/p>\n<hr \/>\n<p><strong>UWAGA:<\/strong><br \/>\nSprz\u0119t pochodzi z zapas\u00f3w magazynowych i jest w pe\u0142ni warto\u015bciowy.<br \/>\nW niekt\u00f3rych wypadkach sprz\u0119t mo\u017ce nosi\u0107 niewielkie \u015blady u\u017cytkownia (by\u0142 u\u017cywany w celach testowych).<br \/>\nFotografie przedstawiaj\u0105 rzeczywisty wygl\u0105d sprzedawanego produktu.<\/p>\n<p>W celu uzyskania szczeg\u00f3\u0142owych informacji na temat oferowanego produktu prosimy o bezpo\u015bredni kontakt z naszym Dzia\u0142em Sprzeda\u017cy pod adresem <a href=\"mailto:biuro@axedserwis.com.pl\">biuro@axedserwis.com.pl<\/a> lub telefonicznie 600 373 202.<\/p>\n<hr \/>\n<p>\u00a9AXED Serwis | Wszelkie prawa zastrze\u017cone | Fotografie produktu zamieszczone na tej stronie s\u0105 w\u0142asno\u015bci\u0105 firmy AXED Serwis i s\u0105 chronione prawami autorskimi. Zabrania si\u0119 kopiowania tych fotografii w ca\u0142o\u015bci lub ich cz\u0119\u015bci bez pisemnej zgody firmy AXED Serwis.<\/p>\n<hr \/>\n<p>&nbsp;<\/p>\n","protected":false},"excerpt":{"rendered":"<p>Psion ST3004 &#8211; Akumulator Li-Ion 5200 mAh 3,7V 18 Wh<\/p>\n","protected":false},"featured_media":453,"template":"","meta":[],"_links":{"self":[{"href":"https:\/\/sklep.axedserwis.com.pl\/index.php\/wp-json\/wp\/v2\/product\/37"}],"collection":[{"href":"https:\/\/sklep.axedserwis.com.pl\/index.php\/wp-json\/wp\/v2\/product"}],"about":[{"href":"https:\/\/sklep.axedserwis.com.pl\/index.php\/wp-json\/wp\/v2\/types\/product"}],"wp:featuredmedia":[{"embeddable":true,"href":"https:\/\/sklep.axedserwis.com.pl\/index.php\/wp-json\/wp\/v2\/media\/453"}],"wp:attachment":[{"href":"https:\/\/sklep.axedserwis.com.pl\/index.php\/wp-json\/wp\/v2\/media?parent=37"}],"curies":[{"name":"wp","href":"https:\/\/api.w.org\/{rel}","templated":true}]}}