{"id":334,"date":"2020-09-14T11:57:00","date_gmt":"2020-09-14T09:57:00","guid":{"rendered":"https:\/\/sklep.axedserwis.com.pl\/?post_type=product&#038;p=334"},"modified":"2020-11-16T14:43:09","modified_gmt":"2020-11-16T13:43:09","slug":"obudowa-komputera-psion-motorola-zebra-workabout-7527s-wap3","status":"publish","type":"product","link":"https:\/\/sklep.axedserwis.com.pl\/index.php\/produkt\/obudowa-komputera-psion-motorola-zebra-workabout-7527s-wap3\/","title":{"rendered":"Obudowa komputera Psion | Motorola | Zebra Workabout 7527S WAP3"},"content":{"rendered":"<p>Obudowa plastikowa &#8211; rama konstrukcyjna komputera mobilnego Workabout Pro 3 oraz Workabout Pro 2 (wersja S &#8211; kr\u00f3tka)<br \/>\nNumer katalogowy: 1050946-101<\/p>\n<hr \/>\n<p>Psion | Motorola | Zebra Workabout Pro 2 and Workabout Pro 3 short housing<br \/>\n1050946-101,PLASTIC MAIN HOUSING ASY 7527S WAP3 AND SHARP.<\/p>\n<hr \/>\n<p><strong>UWAGA:<\/strong><br \/>\nSprz\u0119t pochodzi z zapas\u00f3w magazynowych i jest w pe\u0142ni warto\u015bciowy.<br \/>\nW niekt\u00f3rych wypadkach sprz\u0119t mo\u017ce nosi\u0107 niewielkie \u015blady u\u017cytkownia (by\u0142 u\u017cywany w celach testowych).<br \/>\nFotografie przedstawiaj\u0105 rzeczywisty wygl\u0105d sprzedawanego produktu.<\/p>\n<p>W celu uzyskania szczeg\u00f3\u0142owych informacji na temat oferowanego produktu prosimy o bezpo\u015bredni kontakt z naszym Dzia\u0142em Sprzeda\u017cy pod adresem <a href=\"mailto:biuro@axedserwis.com.pl\">biuro@axedserwis.com.pl<\/a> lub telefonicznie 600 373 202.<\/p>\n<hr \/>\n<p>\u00a9AXED Serwis | Wszelkie prawa zastrze\u017cone | Fotografie produktu zamieszczone na tej stronie s\u0105 w\u0142asno\u015bci\u0105 firmy AXED Serwis i s\u0105 chronione prawami autorskimi. Zabrania si\u0119 kopiowania tych fotografii w ca\u0142o\u015bci lub ich cz\u0119\u015bci bez pisemnej zgody firmy AXED Serwis.<\/p>\n<hr \/>\n<p>&nbsp;<\/p>\n","protected":false},"excerpt":{"rendered":"<p>Obudowa plastikowa komputera mobilnego Workabout Pro 3 oraz Workabout Pro 2 (wersja S &#8211; kr\u00f3tka) 1050946-101<\/p>\n","protected":false},"featured_media":582,"template":"","meta":[],"_links":{"self":[{"href":"https:\/\/sklep.axedserwis.com.pl\/index.php\/wp-json\/wp\/v2\/product\/334"}],"collection":[{"href":"https:\/\/sklep.axedserwis.com.pl\/index.php\/wp-json\/wp\/v2\/product"}],"about":[{"href":"https:\/\/sklep.axedserwis.com.pl\/index.php\/wp-json\/wp\/v2\/types\/product"}],"wp:featuredmedia":[{"embeddable":true,"href":"https:\/\/sklep.axedserwis.com.pl\/index.php\/wp-json\/wp\/v2\/media\/582"}],"wp:attachment":[{"href":"https:\/\/sklep.axedserwis.com.pl\/index.php\/wp-json\/wp\/v2\/media?parent=334"}],"curies":[{"name":"wp","href":"https:\/\/api.w.org\/{rel}","templated":true}]}}