{"id":323,"date":"2020-09-14T11:44:18","date_gmt":"2020-09-14T09:44:18","guid":{"rendered":"https:\/\/sklep.axedserwis.com.pl\/?post_type=product&#038;p=323"},"modified":"2020-11-16T14:38:24","modified_gmt":"2020-11-16T13:38:24","slug":"modul-radiowy-wan-gps-wifi-ra3051-dla-workabout-pro-4","status":"publish","type":"product","link":"https:\/\/sklep.axedserwis.com.pl\/index.php\/produkt\/modul-radiowy-wan-gps-wifi-ra3051-dla-workabout-pro-4\/","title":{"rendered":"Modem RA3051 &#8211; WAN dla Workabout Pro 4 wraz z antenami"},"content":{"rendered":"<p>Modu\u0142 radiowy HSPA+ WAN\/GPS\/WiFi RA3051 dla komputera mobilnego\u00a0 Psion | Motorola | Zebra Workabout Pro 4<\/p>\n<hr \/>\n<p>Psion | Motorola | Zebra Workabout Pro 4 WAN\/GPS\/WiFi Diversity Kit<br \/>\nWAP 4 HSPA+ WAN GPS expansion module is compatible with long and short Workabout Pro 4.<\/p>\n<p>The RA3051 radio kit includes:<br \/>\nUMTS PHS8-P, GPS &amp; Diversity Wi-Fi Expansion Module<br \/>\nM2x4 Torx T6 screws (x4)<br \/>\nGPS jumper cable<br \/>\nWAN main antenna<br \/>\nLAN diversity antenna<br \/>\nLabels<\/p>\n<hr \/>\n<p><strong>UWAGA:<\/strong><br \/>\nSprz\u0119t pochodzi z zapas\u00f3w magazynowych i jest w pe\u0142ni warto\u015bciowy.<br \/>\nW niekt\u00f3rych wypadkach sprz\u0119t mo\u017ce nosi\u0107 niewielkie \u015blady u\u017cytkownia (by\u0142 u\u017cywany w celach testowych).<br \/>\nFotografie przedstawiaj\u0105 rzeczywisty wygl\u0105d sprzedawanego produktu.<\/p>\n<p>W celu uzyskania szczeg\u00f3\u0142owych informacji na temat oferowanego produktu prosimy o bezpo\u015bredni kontakt z naszym Dzia\u0142em Sprzeda\u017cy pod adresem <a href=\"mailto:biuro@axedserwis.com.pl\">biuro@axedserwis.com.pl<\/a> lub telefonicznie 600 373 202.<\/p>\n<hr \/>\n<p>\u00a9AXED Serwis | Wszelkie prawa zastrze\u017cone | Fotografie produktu zamieszczone na tej stronie s\u0105 w\u0142asno\u015bci\u0105 firmy AXED Serwis i s\u0105 chronione prawami autorskimi. Zabrania si\u0119 kopiowania tych fotografii w ca\u0142o\u015bci lub ich cz\u0119\u015bci bez pisemnej zgody firmy AXED Serwis.<\/p>\n<hr \/>\n<p>&nbsp;<\/p>\n","protected":false},"excerpt":{"rendered":"<p>Modu\u0142 radiowy HSPA+ WAN\/GPS\/WiFi RA3051 dla\u00a0 Workabout Pro 4<\/p>\n","protected":false},"featured_media":577,"template":"","meta":[],"_links":{"self":[{"href":"https:\/\/sklep.axedserwis.com.pl\/index.php\/wp-json\/wp\/v2\/product\/323"}],"collection":[{"href":"https:\/\/sklep.axedserwis.com.pl\/index.php\/wp-json\/wp\/v2\/product"}],"about":[{"href":"https:\/\/sklep.axedserwis.com.pl\/index.php\/wp-json\/wp\/v2\/types\/product"}],"wp:featuredmedia":[{"embeddable":true,"href":"https:\/\/sklep.axedserwis.com.pl\/index.php\/wp-json\/wp\/v2\/media\/577"}],"wp:attachment":[{"href":"https:\/\/sklep.axedserwis.com.pl\/index.php\/wp-json\/wp\/v2\/media?parent=323"}],"curies":[{"name":"wp","href":"https:\/\/api.w.org\/{rel}","templated":true}]}}