{"id":222,"date":"2020-09-14T01:01:37","date_gmt":"2020-09-13T23:01:37","guid":{"rendered":"https:\/\/sklep.axedserwis.com.pl\/?post_type=product&#038;p=222"},"modified":"2022-07-26T13:28:39","modified_gmt":"2022-07-26T11:28:39","slug":"klawiatura-omnii-xt15-st5012-36-klawiszy","status":"publish","type":"product","link":"https:\/\/sklep.axedserwis.com.pl\/index.php\/produkt\/klawiatura-omnii-xt15-st5012-36-klawiszy\/","title":{"rendered":"Klawiatura Omnii XT15 ST5012 36 klawiszy"},"content":{"rendered":"<p>Klawiatura Omnii XT15 ST5012 36 klawiszy<\/p>\n<p>Omnii XT15 ST5012 36 Key Modified Alpha Keyboard Calculator Style<\/p>\n<hr \/>\n<p><strong>UWAGA:<\/strong><br \/>\nSprz\u0119t pochodzi z zapas\u00f3w magazynowych i jest w pe\u0142ni warto\u015bciowy.<br \/>\nW niekt\u00f3rych wypadkach sprz\u0119t mo\u017ce nosi\u0107 niewielkie \u015blady u\u017cytkownia (by\u0142 u\u017cywany w celach testowych).<br \/>\nFotografie przedstawiaj\u0105 rzeczywisty wygl\u0105d sprzedawanego produktu.<\/p>\n<p>W celu uzyskania szczeg\u00f3\u0142owych informacji na temat oferowanego produktu prosimy o bezpo\u015bredni kontakt z naszym Dzia\u0142em Sprzeda\u017cy pod adresem <a href=\"mailto:biuro@axedserwis.com.pl\">biuro@axedserwis.com.pl<\/a> lub telefonicznie 600 373 202.<\/p>\n<hr \/>\n<p>\u00a9AXED Serwis | Wszelkie prawa zastrze\u017cone | Fotografie produktu zamieszczone na tej stronie s\u0105 w\u0142asno\u015bci\u0105 firmy AXED Serwis i s\u0105 chronione prawami autorskimi. Zabrania si\u0119 kopiowania tych fotografii w ca\u0142o\u015bci lub ich cz\u0119\u015bci bez pisemnej zgody firmy AXED Serwis.<\/p>\n<hr \/>\n<div style=\"width: 980px;\" class=\"wp-video\"><!--[if lt IE 9]><script>document.createElement('video');<\/script><![endif]-->\n<video class=\"wp-video-shortcode\" id=\"video-222-1\" width=\"980\" height=\"551\" loop=\"1\" preload=\"auto\" controls=\"controls\"><source type=\"video\/mp4\" src=\"https:\/\/sklep.axedserwis.com.pl\/wp-content\/uploads\/2020\/09\/Psion_Motorola_Zebra_Omnii_XT15_ST5012_36_Key_Modified_Alpha_Keyboard.mp4?_=1\" \/><a href=\"https:\/\/sklep.axedserwis.com.pl\/wp-content\/uploads\/2020\/09\/Psion_Motorola_Zebra_Omnii_XT15_ST5012_36_Key_Modified_Alpha_Keyboard.mp4\">https:\/\/sklep.axedserwis.com.pl\/wp-content\/uploads\/2020\/09\/Psion_Motorola_Zebra_Omnii_XT15_ST5012_36_Key_Modified_Alpha_Keyboard.mp4<\/a><\/video><\/div>\n","protected":false},"excerpt":{"rendered":"<p>Klawiatura Omnii XT15 ST5012 36 klawiszy<\/p>\n","protected":false},"featured_media":501,"template":"","meta":[],"_links":{"self":[{"href":"https:\/\/sklep.axedserwis.com.pl\/index.php\/wp-json\/wp\/v2\/product\/222"}],"collection":[{"href":"https:\/\/sklep.axedserwis.com.pl\/index.php\/wp-json\/wp\/v2\/product"}],"about":[{"href":"https:\/\/sklep.axedserwis.com.pl\/index.php\/wp-json\/wp\/v2\/types\/product"}],"wp:featuredmedia":[{"embeddable":true,"href":"https:\/\/sklep.axedserwis.com.pl\/index.php\/wp-json\/wp\/v2\/media\/501"}],"wp:attachment":[{"href":"https:\/\/sklep.axedserwis.com.pl\/index.php\/wp-json\/wp\/v2\/media?parent=222"}],"curies":[{"name":"wp","href":"https:\/\/api.w.org\/{rel}","templated":true}]}}