{"id":194,"date":"2020-09-14T00:12:38","date_gmt":"2020-09-13T22:12:38","guid":{"rendered":"https:\/\/sklep.axedserwis.com.pl\/?post_type=product&#038;p=194"},"modified":"2020-10-02T02:27:23","modified_gmt":"2020-10-02T00:27:23","slug":"psion-omnii-adapter-usb-st4001-1005054","status":"publish","type":"product","link":"https:\/\/sklep.axedserwis.com.pl\/index.php\/produkt\/psion-omnii-adapter-usb-st4001-1005054\/","title":{"rendered":"Psion Omnii Snap Module USB &#8211; ST4001 &#8211; 1005054"},"content":{"rendered":"<p>Psion Omnii Charger Snap Module USB &#8211; ST4001 &#8211; adapter USB z funkcj\u0105 \u0142adowania dla modelu XT15, XT10, RT15<\/p>\n<p>Numer katalogowy: 1005054<\/p>\n<hr \/>\n<p>Charger Snap Module USB<br \/>\nPsion Zebra Omnii &#8211; charger snap module USB<br \/>\nPsion Art.No.: ST4001 Charger Snap Module USB, P\/N: 1005054.<br \/>\nThe adapter can be snapped on the handheld and is easy and fast to remove anytime.<br \/>\nSuitable for Psion Omnii Handheld XT10, XT15, RT15.<br \/>\nGenuine Psion factory new product, in stock, ready to ship.<\/p>\n<hr \/>\n<p><strong>UWAGA:<\/strong><br \/>\nSprz\u0119t pochodzi z zapas\u00f3w magazynowych i jest w pe\u0142ni warto\u015bciowy.<br \/>\nW niekt\u00f3rych wypadkach sprz\u0119t mo\u017ce nosi\u0107 niewielkie \u015blady u\u017cytkownia (by\u0142 u\u017cywany w celach testowych).<br \/>\nFotografie przedstawiaj\u0105 rzeczywisty wygl\u0105d sprzedawanego produktu.<\/p>\n<p>W celu uzyskania szczeg\u00f3\u0142owych informacji na temat oferowanego produktu prosimy o bezpo\u015bredni kontakt z naszym Dzia\u0142em Sprzeda\u017cy pod adresem <a href=\"mailto:biuro@axedserwis.com.pl\">biuro@axedserwis.com.pl<\/a> lub telefonicznie 600 373 202.<\/p>\n<hr \/>\n<p>\u00a9AXED Serwis | Wszelkie prawa zastrze\u017cone | Fotografie produktu zamieszczone na tej stronie s\u0105 w\u0142asno\u015bci\u0105 firmy AXED Serwis i s\u0105 chronione prawami autorskimi. Zabrania si\u0119 kopiowania tych fotografii w ca\u0142o\u015bci lub ich cz\u0119\u015bci bez pisemnej zgody firmy AXED Serwis.<\/p>\n<hr \/>\n<p>&nbsp;<\/p>\n","protected":false},"excerpt":{"rendered":"<p>Psion Omnii Charger Snap Module USB &#8211; ST4001 &#8211; adapter USB z funkcj\u0105 \u0142adowania dla modelu XT15, XT10, RT15<\/p>\n","protected":false},"featured_media":480,"template":"","meta":[],"_links":{"self":[{"href":"https:\/\/sklep.axedserwis.com.pl\/index.php\/wp-json\/wp\/v2\/product\/194"}],"collection":[{"href":"https:\/\/sklep.axedserwis.com.pl\/index.php\/wp-json\/wp\/v2\/product"}],"about":[{"href":"https:\/\/sklep.axedserwis.com.pl\/index.php\/wp-json\/wp\/v2\/types\/product"}],"wp:featuredmedia":[{"embeddable":true,"href":"https:\/\/sklep.axedserwis.com.pl\/index.php\/wp-json\/wp\/v2\/media\/480"}],"wp:attachment":[{"href":"https:\/\/sklep.axedserwis.com.pl\/index.php\/wp-json\/wp\/v2\/media?parent=194"}],"curies":[{"name":"wp","href":"https:\/\/api.w.org\/{rel}","templated":true}]}}