{"id":1075,"date":"2025-03-04T16:53:39","date_gmt":"2025-03-04T15:53:39","guid":{"rendered":"https:\/\/sklep.axedserwis.com.pl\/?post_type=product&#038;p=1075"},"modified":"2025-04-28T14:53:27","modified_gmt":"2025-04-28T12:53:27","slug":"symbol-wa3026-akumulator-li-ion-4680-mah","status":"publish","type":"product","link":"https:\/\/sklep.axedserwis.com.pl\/index.php\/produkt\/symbol-wa3026-akumulator-li-ion-4680-mah\/","title":{"rendered":"Symbol WA3026 &#8211; Akumulator Li-Ion 4680 mAh"},"content":{"rendered":"<p>Symbol WA3026 &#8211; Akumulator litowo-jonowy (Li-Ion) 4680 mAh \/ 3,7 V \/ 17,4 Wh<br \/>\nNumer katalogowy: WAPPDL470239B<br \/>\nZalecana \u0142adowarka: Seria 7527, 7528, oraz PX750<\/p>\n<hr \/>\n<p><strong>UWAGA:<\/strong><br \/>\nSprz\u0119t pochodzi z zapas\u00f3w magazynowych i jest w pe\u0142ni warto\u015bciowy.<br \/>\nW niekt\u00f3rych wypadkach sprz\u0119t mo\u017ce nosi\u0107 niewielkie \u015blady u\u017cytkownia (by\u0142 u\u017cywany w celach testowych).<br \/>\nFotografie przedstawiaj\u0105 rzeczywisty wygl\u0105d sprzedawanego produktu.<\/p>\n<p>W celu uzyskania szczeg\u00f3\u0142owych informacji na temat oferowanego produktu prosimy o bezpo\u015bredni kontakt z naszym Dzia\u0142em Sprzeda\u017cy pod adresem <a href=\"mailto:biuro@axedserwis.com.pl\">biuro@axedserwis.com.pl<\/a> lub telefonicznie 600 373 202.<\/p>\n<hr \/>\n<p>\u00a9AXED Serwis | Wszelkie prawa zastrze\u017cone | Fotografie produktu zamieszczone na tej stronie s\u0105 w\u0142asno\u015bci\u0105 firmy AXED Serwis i s\u0105 chronione prawami autorskimi. Zabrania si\u0119 kopiowania tych fotografii w ca\u0142o\u015bci lub ich cz\u0119\u015bci bez pisemnej zgody firmy AXED Serwis.<\/p>\n<hr \/>\n<p>&nbsp;<\/p>\n","protected":false},"excerpt":{"rendered":"<p>Symbol WA3026 &#8211; Akumulator litowo-jonowy (Li-Ion) 4680 mAh \/ 3,7 V \/ 17,4 Wh<\/p>\n","protected":false},"featured_media":1053,"template":"","meta":[],"_links":{"self":[{"href":"https:\/\/sklep.axedserwis.com.pl\/index.php\/wp-json\/wp\/v2\/product\/1075"}],"collection":[{"href":"https:\/\/sklep.axedserwis.com.pl\/index.php\/wp-json\/wp\/v2\/product"}],"about":[{"href":"https:\/\/sklep.axedserwis.com.pl\/index.php\/wp-json\/wp\/v2\/types\/product"}],"wp:featuredmedia":[{"embeddable":true,"href":"https:\/\/sklep.axedserwis.com.pl\/index.php\/wp-json\/wp\/v2\/media\/1053"}],"wp:attachment":[{"href":"https:\/\/sklep.axedserwis.com.pl\/index.php\/wp-json\/wp\/v2\/media?parent=1075"}],"curies":[{"name":"wp","href":"https:\/\/api.w.org\/{rel}","templated":true}]}}