{"id":1015,"date":"2023-07-10T10:52:34","date_gmt":"2023-07-10T08:52:34","guid":{"rendered":"https:\/\/sklep.axedserwis.com.pl\/?post_type=product&#038;p=1015"},"modified":"2025-10-27T12:55:05","modified_gmt":"2025-10-27T11:55:05","slug":"datalogic-memor-10","status":"publish","type":"product","link":"https:\/\/sklep.axedserwis.com.pl\/index.php\/produkt\/datalogic-memor-10\/","title":{"rendered":"Datalogic Memor 10"},"content":{"rendered":"<p>Datalogic Memor 10 \u2014 Mobilny komputer r\u0119czny &#8211; Kolektor danych<\/p>\n<p>Wzmocniony terminal danych dzia\u0142aj\u0105cy w oparciu o system Android.<\/p>\n<p>W\u0142a\u015bciwo\u015bci<br \/>\n\u2022\u00a0 5-calowy ekran dotykowy HD z ochron\u0105 ze szk\u0142a hartowanego Dragontrail\u2122<br \/>\n\u2022\u00a0 Android 8.1 (Oreo) z Google Mobile Services<br \/>\n\u2022\u00a0 Certyfikowany w programie Android Enterprise Recommended<br \/>\n\u2022\u00a0 Odporno\u015b\u0107 na upadki z wysoko\u015bci 1,5 metra<br \/>\n\u2022\u00a0 Bezprzewodowe \u0142adowanie oraz funkcja wymiany akumulatora podczas pracy<br \/>\n\u2022\u00a0 Dwupasmowe Wi-Fi oraz LTE-Advanced\/4G+<br \/>\n\u2022\u00a0 Najw\u0119\u017cszy imager 2D na rynku<br \/>\n\u2022\u00a0 Aparat fotograficzny 13 Mpx<br \/>\n\u2022\u00a0 Obudowa wykonana z plastiku odpornego na substancje chemiczne<br \/>\n\u2022\u00a0 Poziom ochrony IP65<\/p>\n<p>\u2022\u00a0 O\u015bmiordzeniowy procesor 2 GHz<br \/>\n\u2022\u00a0 Pami\u0119\u0107: 3 GB \/ 32 GB<br \/>\n\u2022\u00a0 Akumulator: 4100 mAh<br \/>\n\u2022\u00a0 Wymiary: 15,5 \u00d7 7,8 \u00d7 1,87 cm<\/p>\n<hr \/>\n<p><strong>UWAGA:<\/strong><br \/>\nSprz\u0119t jest u\u017cywany, sprawny i obj\u0119ty 30-dniow\u0105 gwarancj\u0105 sprzedawcy. Sprz\u0119t nosi \u015blady u\u017cytkowania.<\/p>\n<p>W celu uzyskania szczeg\u00f3\u0142owych informacji na temat oferowanego produktu prosimy o bezpo\u015bredni kontakt z naszym Dzia\u0142em Sprzeda\u017cy pod adresem <a href=\"mailto:biuro@axedserwis.com.pl\">biuro@axedserwis.com.pl<\/a> lub telefonicznie 600 373 202.<\/p>\n<hr \/>\n<p>\u00a9AXED Serwis | Wszelkie prawa zastrze\u017cone | Fotografie produktu zamieszczone na tej stronie s\u0105 w\u0142asno\u015bci\u0105 firmy AXED Serwis i s\u0105 chronione prawami autorskimi. Zabrania si\u0119 kopiowania tych fotografii w ca\u0142o\u015bci lub ich cz\u0119\u015bci bez pisemnej zgody firmy AXED Serwis.<\/p>\n<hr \/>\n<p>&nbsp;<\/p>\n","protected":false},"excerpt":{"rendered":"<p>Datalogic Memor 10 \u2014 Mobilny komputer r\u0119czny &#8211; Kolektor danych<\/p>\n","protected":false},"featured_media":1008,"template":"","meta":[],"_links":{"self":[{"href":"https:\/\/sklep.axedserwis.com.pl\/index.php\/wp-json\/wp\/v2\/product\/1015"}],"collection":[{"href":"https:\/\/sklep.axedserwis.com.pl\/index.php\/wp-json\/wp\/v2\/product"}],"about":[{"href":"https:\/\/sklep.axedserwis.com.pl\/index.php\/wp-json\/wp\/v2\/types\/product"}],"wp:featuredmedia":[{"embeddable":true,"href":"https:\/\/sklep.axedserwis.com.pl\/index.php\/wp-json\/wp\/v2\/media\/1008"}],"wp:attachment":[{"href":"https:\/\/sklep.axedserwis.com.pl\/index.php\/wp-json\/wp\/v2\/media?parent=1015"}],"curies":[{"name":"wp","href":"https:\/\/api.w.org\/{rel}","templated":true}]}}