{"id":756,"date":"2020-10-22T09:45:43","date_gmt":"2020-10-22T07:45:43","guid":{"rendered":"https:\/\/sklep.axedserwis.com.pl\/?page_id=756"},"modified":"2020-10-22T09:45:43","modified_gmt":"2020-10-22T07:45:43","slug":"odstapienie-od-umowy","status":"publish","type":"page","link":"https:\/\/sklep.axedserwis.com.pl\/index.php\/odstapienie-od-umowy\/","title":{"rendered":"Odst\u0105pienie od umowy"},"content":{"rendered":"\n<h3>WARUNKI ODST\u0104PIENIA OD UMOWY<\/h3>\n\n\n\n<p>Ka\u017cdemu Klientowi, b\u0119d\u0105cemu konsumentem w rozumieniu art. 22[1] Kodeksu Cywilnego i korzystaj\u0105cemu ze sklepu internetowego www.sklep.axedserwis.com.pl przys\u0142uguje, na podstawie przepis\u00f3w prawa, prawo do odst\u0105pienia od zawartej umowy zakupu towaru (us\u0142ugi), bez podania przyczyny, w terminie opisanym poni\u017cej. O\u015bwiadczenie o odst\u0105pieniu powinno zosta\u0107 wys\u0142ane na adres:<\/p>\n\n\n\n<p>AXED serwis s.c.<br>ul. Wagrowska 2<br>61-369 Pozna\u0144<\/p>\n\n\n\n<p>lub mailowo na adres: sklep@axedserwis.com.pl<\/p>\n\n\n\n<h3>Termin<\/h3>\n\n\n\n<p>Prawo do odst\u0105pienia przys\u0142uguje Konsumentowi w nieprzekraczalnym terminie 14 dni, kt\u00f3ry rozpoczyna si\u0119 w dniu otrzymania przez Konsumenta towaru. Termin uznaje si\u0119 za dotrzymany, je\u017celi przed jego up\u0142ywem Konsument wy\u015ble o\u015bwiadczenie o odst\u0105pieniu od umowy na adres podany powy\u017cej.<\/p>\n\n\n\n<h3>Zwrot \u015bwiadcze\u0144<\/h3>\n\n\n\n<p>W przypadku odst\u0105pienia od umowy zawartej na odleg\u0142o\u015b\u0107, umowa jest uwa\u017cana za niezawart\u0105. To, co strony \u015bwiadczy\u0142y, ulega zwrotowi w stanie niezmienionym, chyba \u017ce zmiana by\u0142a konieczna w granicach zwyk\u0142ego zarz\u0105du. Zwrot powinien nast\u0105pi\u0107 niezw\u0142ocznie, nie p\u00f3\u017aniej ni\u017c w terminie 14 dni. Zakupiony towar nale\u017cy zwr\u00f3ci\u0107 na poni\u017cszy adres:<\/p>\n\n\n\n<p>AXED serwis s.c.<br>ul. Wagrowska 2<br>61-369 Pozna\u0144<\/p>\n\n\n\n<p>Koszty zwrotnego dostarczenia towaru obci\u0105\u017caj\u0105 Konsumenta, o ile odst\u0105pienie nie zosta\u0142o wywo\u0142ane faktem cho\u0107by przej\u015bciowej niemo\u017cno\u015bci spe\u0142nienia przez sklep.axedserwis.com.pl \u015bwiadczenia o w\u0142a\u015bciwo\u015bciach zam\u00f3wionych przez Konsumenta.<\/p>\n\n\n\n<h3>Wy\u0142\u0105czenie prawa odst\u0105pienia<\/h3>\n\n\n\n<p>Prawo do odst\u0105pienia od umowy przez Konsumenta jest wy\u0142\u0105czone w przypadku:<\/p>\n\n\n\n<ul><li>rozpocz\u0119cia &#8211; za zgod\u0105 Konsumenta &#8211; \u015bwiadczenia us\u0142ug przez sklep.axedserwis.com.pl, przed up\u0142ywem 14 dni od zawarcia umowy;<\/li><li>\u015bwiadcze\u0144, kt\u00f3re z uwagi na ich charakter nie mog\u0105 zosta\u0107 zwr\u00f3cone lub kt\u00f3rych przedmiot ulega szybkiemu zepsuciu;<\/li><\/ul>\n\n\n\n<p><\/p>\n","protected":false},"excerpt":{"rendered":"<p>WARUNKI ODST\u0104PIENIA OD UMOWY Ka\u017cdemu Klientowi, b\u0119d\u0105cemu konsumentem w rozumieniu art. 22[1] Kodeksu Cywilnego i korzystaj\u0105cemu ze sklepu internetowego www.sklep.axedserwis.com.pl przys\u0142uguje, na podstawie przepis\u00f3w prawa, prawo do odst\u0105pienia od zawartej umowy zakupu towaru (us\u0142ugi), bez podania przyczyny, w terminie opisanym poni\u017cej. O\u015bwiadczenie o odst\u0105pieniu powinno zosta\u0107 wys\u0142ane na adres: AXED serwis s.c.ul. Wagrowska 261-369 Pozna\u0144 [&hellip;]<\/p>\n","protected":false},"author":3,"featured_media":0,"parent":0,"menu_order":0,"comment_status":"closed","ping_status":"closed","template":"","meta":[],"_links":{"self":[{"href":"https:\/\/sklep.axedserwis.com.pl\/index.php\/wp-json\/wp\/v2\/pages\/756"}],"collection":[{"href":"https:\/\/sklep.axedserwis.com.pl\/index.php\/wp-json\/wp\/v2\/pages"}],"about":[{"href":"https:\/\/sklep.axedserwis.com.pl\/index.php\/wp-json\/wp\/v2\/types\/page"}],"author":[{"embeddable":true,"href":"https:\/\/sklep.axedserwis.com.pl\/index.php\/wp-json\/wp\/v2\/users\/3"}],"replies":[{"embeddable":true,"href":"https:\/\/sklep.axedserwis.com.pl\/index.php\/wp-json\/wp\/v2\/comments?post=756"}],"version-history":[{"count":1,"href":"https:\/\/sklep.axedserwis.com.pl\/index.php\/wp-json\/wp\/v2\/pages\/756\/revisions"}],"predecessor-version":[{"id":757,"href":"https:\/\/sklep.axedserwis.com.pl\/index.php\/wp-json\/wp\/v2\/pages\/756\/revisions\/757"}],"wp:attachment":[{"href":"https:\/\/sklep.axedserwis.com.pl\/index.php\/wp-json\/wp\/v2\/media?parent=756"}],"curies":[{"name":"wp","href":"https:\/\/api.w.org\/{rel}","templated":true}]}}