{"id":27,"date":"2019-10-07T16:50:22","date_gmt":"2019-10-07T14:50:22","guid":{"rendered":"http:\/\/sklep.axedserwis.com.pl\/?page_id=27"},"modified":"2020-10-22T11:11:51","modified_gmt":"2020-10-22T09:11:51","slug":"witamy","status":"publish","type":"page","link":"https:\/\/sklep.axedserwis.com.pl\/","title":{"rendered":""},"content":{"rendered":"\n<h5 class=\"has-text-align-center has-vivid-red-color has-text-color\"><strong>Zapraszamy do zapoznania si\u0119 z ofert\u0105 naszej firmy w zakresie r\u00f3\u017cnego typu mobilnych komputer\u00f3w przemys\u0142owych, oprogramowania, akcesori\u00f3w oraz cz\u0119\u015bci serwisowych.<\/strong><\/h5>\n\n\n\n<p><\/p>\n","protected":false},"excerpt":{"rendered":"<p>Zapraszamy do zapoznania si\u0119 z ofert\u0105 naszej firmy w zakresie r\u00f3\u017cnego typu mobilnych komputer\u00f3w przemys\u0142owych, oprogramowania, akcesori\u00f3w oraz cz\u0119\u015bci serwisowych.<\/p>\n","protected":false},"author":1,"featured_media":0,"parent":0,"menu_order":0,"comment_status":"closed","ping_status":"closed","template":"template-homepage.php","meta":[],"_links":{"self":[{"href":"https:\/\/sklep.axedserwis.com.pl\/index.php\/wp-json\/wp\/v2\/pages\/27"}],"collection":[{"href":"https:\/\/sklep.axedserwis.com.pl\/index.php\/wp-json\/wp\/v2\/pages"}],"about":[{"href":"https:\/\/sklep.axedserwis.com.pl\/index.php\/wp-json\/wp\/v2\/types\/page"}],"author":[{"embeddable":true,"href":"https:\/\/sklep.axedserwis.com.pl\/index.php\/wp-json\/wp\/v2\/users\/1"}],"replies":[{"embeddable":true,"href":"https:\/\/sklep.axedserwis.com.pl\/index.php\/wp-json\/wp\/v2\/comments?post=27"}],"version-history":[{"count":7,"href":"https:\/\/sklep.axedserwis.com.pl\/index.php\/wp-json\/wp\/v2\/pages\/27\/revisions"}],"predecessor-version":[{"id":765,"href":"https:\/\/sklep.axedserwis.com.pl\/index.php\/wp-json\/wp\/v2\/pages\/27\/revisions\/765"}],"wp:attachment":[{"href":"https:\/\/sklep.axedserwis.com.pl\/index.php\/wp-json\/wp\/v2\/media?parent=27"}],"curies":[{"name":"wp","href":"https:\/\/api.w.org\/{rel}","templated":true}]}}